{"id":6717,"date":"2026-01-20T08:06:38","date_gmt":"2026-01-20T09:06:38","guid":{"rendered":"https:\/\/sodadetour.com\/product\/sal-desert-adventure-in-a-500cc-buggy\/"},"modified":"2026-02-02T01:23:34","modified_gmt":"2026-02-02T02:23:34","slug":"sal-desert-adventure-in-a-500cc-buggy","status":"publish","type":"product","link":"https:\/\/sodadetour.com\/es\/product\/sal-desert-adventure-in-a-500cc-buggy\/","title":{"rendered":"Sal: Aventura en el desierto en un buggy de 500 cc"},"content":{"rendered":"<p>Explore Sal de costa a costa en esta excursi\u00f3n guiada por la isla en buggy. Conozca los magn\u00edficos atractivos naturales de la isla en un 4\u00d74 autom\u00e1tico de 500 cc.<\/p>","protected":false},"excerpt":{"rendered":"<p>Discover Sal Island&#8217;s hidden gems on this guided buggy adventure that takes you from salt flats to natural pools and beyond. Experience the magical Blue Eye formation, float in the ultra-salty waters of Pedra de Lume&#8217;s volcanic crater, and encounter lemon sharks at Shark Bay, all while learning about the island&#8217;s unique geology and culture from your knowledgeable guide.<\/p>","protected":false},"featured_media":3083,"template":"","meta":{"_acf_changed":false},"product_brand":[],"product_cat":[75,74,73],"product_tag":[79,78,77],"class_list":{"0":"post-6717","1":"product","2":"type-product","3":"status-publish","4":"has-post-thumbnail","6":"product_cat-adventure","7":"product_cat-day-tour","8":"product_cat-sal","9":"product_tag-adventure","10":"product_tag-day-tour","11":"product_tag-sal","12":"wcpa_has_options","14":"first","15":"instock","16":"purchasable","17":"product-type-simple"},"acf":[],"_links":{"self":[{"href":"https:\/\/sodadetour.com\/es\/wp-json\/wp\/v2\/product\/6717","targetHints":{"allow":["GET"]}}],"collection":[{"href":"https:\/\/sodadetour.com\/es\/wp-json\/wp\/v2\/product"}],"about":[{"href":"https:\/\/sodadetour.com\/es\/wp-json\/wp\/v2\/types\/product"}],"wp:featuredmedia":[{"embeddable":true,"href":"https:\/\/sodadetour.com\/es\/wp-json\/wp\/v2\/media\/3083"}],"wp:attachment":[{"href":"https:\/\/sodadetour.com\/es\/wp-json\/wp\/v2\/media?parent=6717"}],"wp:term":[{"taxonomy":"product_brand","embeddable":true,"href":"https:\/\/sodadetour.com\/es\/wp-json\/wp\/v2\/product_brand?post=6717"},{"taxonomy":"product_cat","embeddable":true,"href":"https:\/\/sodadetour.com\/es\/wp-json\/wp\/v2\/product_cat?post=6717"},{"taxonomy":"product_tag","embeddable":true,"href":"https:\/\/sodadetour.com\/es\/wp-json\/wp\/v2\/product_tag?post=6717"}],"curies":[{"name":"wp","href":"https:\/\/api.w.org\/{rel}","templated":true}]}}