{"id":6716,"date":"2026-01-29T14:58:01","date_gmt":"2026-01-29T15:58:01","guid":{"rendered":"https:\/\/sodadetour.com\/product\/sal-4-hour-atv-500cc-quad-island-adventure\/"},"modified":"2026-02-02T01:23:33","modified_gmt":"2026-02-02T02:23:33","slug":"sal-4-horas-atv-500cc-quad-isla-aventura","status":"publish","type":"product","link":"https:\/\/sodadetour.com\/es\/product\/sal-4-horas-atv-500cc-quad-isla-aventura\/","title":{"rendered":"Sal: Aventura de 4 horas en quad 500cc ATV por la isla"},"content":{"rendered":"<p>Emb\u00e1rquese en una aventura todoterreno para explorar las bellezas ocultas del sur de Sal. Descubra las m\u00e1s bellas playas, desiertos y reservas naturales. Disfrute de un emocionante paseo en quads autom\u00e1ticos 4\u00d74 de 500 cc.<\/p>","protected":false},"excerpt":{"rendered":"<p>Experience the thrill of off-road adventure on Sal Island with a powerful 500cc ATV, exploring breathtaking landscapes from west coast beaches to the island&#8217;s highest viewpoints. Witness lemon sharks in their natural habitat at Shark Bay and discover the fascinating mirage at Terra Boa, all while following an expert guide through diverse terrains that showcase the true beauty of Cape Verde.<\/p>","protected":false},"featured_media":3129,"template":"","meta":{"_acf_changed":false},"product_brand":[],"product_cat":[75,74,76,73],"product_tag":[79,78,80,77],"class_list":{"0":"post-6716","1":"product","2":"type-product","3":"status-publish","4":"has-post-thumbnail","6":"product_cat-adventure","7":"product_cat-day-tour","8":"product_cat-family","9":"product_cat-sal","10":"product_tag-adventure","11":"product_tag-day-tour","12":"product_tag-family","13":"product_tag-sal","14":"wcpa_has_options","16":"first","17":"instock","18":"purchasable","19":"product-type-simple"},"acf":[],"_links":{"self":[{"href":"https:\/\/sodadetour.com\/es\/wp-json\/wp\/v2\/product\/6716","targetHints":{"allow":["GET"]}}],"collection":[{"href":"https:\/\/sodadetour.com\/es\/wp-json\/wp\/v2\/product"}],"about":[{"href":"https:\/\/sodadetour.com\/es\/wp-json\/wp\/v2\/types\/product"}],"wp:featuredmedia":[{"embeddable":true,"href":"https:\/\/sodadetour.com\/es\/wp-json\/wp\/v2\/media\/3129"}],"wp:attachment":[{"href":"https:\/\/sodadetour.com\/es\/wp-json\/wp\/v2\/media?parent=6716"}],"wp:term":[{"taxonomy":"product_brand","embeddable":true,"href":"https:\/\/sodadetour.com\/es\/wp-json\/wp\/v2\/product_brand?post=6716"},{"taxonomy":"product_cat","embeddable":true,"href":"https:\/\/sodadetour.com\/es\/wp-json\/wp\/v2\/product_cat?post=6716"},{"taxonomy":"product_tag","embeddable":true,"href":"https:\/\/sodadetour.com\/es\/wp-json\/wp\/v2\/product_tag?post=6716"}],"curies":[{"name":"wp","href":"https:\/\/api.w.org\/{rel}","templated":true}]}}